{"id":755,"date":"2024-04-02T17:10:15","date_gmt":"2024-04-02T17:10:15","guid":{"rendered":"https:\/\/phyllismania.de\/?page_id=755"},"modified":"2025-11-11T11:53:21","modified_gmt":"2025-11-11T10:53:21","slug":"ueber-mich","status":"publish","type":"page","link":"https:\/\/phyllismania.de\/en\/ueber-mich","title":{"rendered":"About me"},"content":{"rendered":"<div data-elementor-type=\"wp-page\" data-elementor-id=\"755\" class=\"elementor elementor-755\">\n\t\t\t\t<div class=\"elementor-element elementor-element-083c6d9 e-flex e-con-boxed wpr-particle-no wpr-jarallax-no wpr-parallax-no wpr-sticky-section-no e-con e-parent\" data-id=\"083c6d9\" data-element_type=\"container\" data-e-type=\"container\">\n\t\t\t\t\t<div class=\"e-con-inner\">\n\t\t<div class=\"elementor-element elementor-element-8706926 e-con-full e-flex wpr-particle-no wpr-jarallax-no wpr-parallax-no wpr-sticky-section-no e-con e-child\" data-id=\"8706926\" data-element_type=\"container\" data-e-type=\"container\">\n\t\t\t\t<div class=\"elementor-element elementor-element-613e4c1 animated-fast elementor-invisible elementor-widget elementor-widget-image\" data-id=\"613e4c1\" data-element_type=\"widget\" data-e-type=\"widget\" data-settings=\"{&quot;_animation&quot;:&quot;fadeInUp&quot;}\" data-widget_type=\"image.default\">\n\t\t\t\t<div class=\"elementor-widget-container\">\n\t\t\t\t\t\t\t\t\t\t\t\t<figure class=\"wp-caption\">\n\t\t\t\t\t\t\t\t\t\t<img fetchpriority=\"high\" decoding=\"async\" width=\"1222\" height=\"1838\" src=\"https:\/\/phyllismania.de\/wp-content\/uploads\/2024\/04\/Phyllis2024a.jpg\" class=\"attachment-2048x2048 size-2048x2048 wp-image-1156\" alt=\"\" srcset=\"https:\/\/phyllismania.de\/wp-content\/uploads\/2024\/04\/Phyllis2024a.jpg 1222w, https:\/\/phyllismania.de\/wp-content\/uploads\/2024\/04\/Phyllis2024a-199x300.jpg 199w, https:\/\/phyllismania.de\/wp-content\/uploads\/2024\/04\/Phyllis2024a-681x1024.jpg 681w, https:\/\/phyllismania.de\/wp-content\/uploads\/2024\/04\/Phyllis2024a-768x1155.jpg 768w, https:\/\/phyllismania.de\/wp-content\/uploads\/2024\/04\/Phyllis2024a-1021x1536.jpg 1021w\" sizes=\"(max-width: 1222px) 100vw, 1222px\" \/>\t\t\t\t\t\t\t\t\t\t\t<figcaption class=\"widget-image-caption wp-caption-text\">\u00a9 Lisa Schmelz<\/figcaption>\n\t\t\t\t\t\t\t\t\t\t<\/figure>\n\t\t\t\t\t\t\t\t\t<\/div>\n\t\t\t\t<\/div>\n\t\t\t\t<div class=\"elementor-element elementor-element-d8747f2 elementor-mobile-align-left elementor-align-left elementor-button-info elementor-widget__width-auto elementor-hidden-mobile elementor-invisible elementor-widget elementor-widget-button\" data-id=\"d8747f2\" data-element_type=\"widget\" data-e-type=\"widget\" data-settings=\"{&quot;_animation&quot;:&quot;fadeInUp&quot;}\" data-widget_type=\"button.default\">\n\t\t\t\t<div class=\"elementor-widget-container\">\n\t\t\t\t\t\t\t\t\t<div class=\"elementor-button-wrapper\">\n\t\t\t\t\t<a class=\"elementor-button elementor-button-link elementor-size-sm\" href=\"https:\/\/de.linkedin.com\/in\/phyllis-mania\" target=\"_blank\">\n\t\t\t\t\t\t<span class=\"elementor-button-content-wrapper\">\n\t\t\t\t\t\t<span class=\"elementor-button-icon\">\n\t\t\t\t<svg aria-hidden=\"true\" class=\"e-font-icon-svg e-fas-external-link-alt\" viewbox=\"0 0 512 512\" xmlns=\"http:\/\/www.w3.org\/2000\/svg\"><path d=\"M432,320H400a16,16,0,0,0-16,16V448H64V128H208a16,16,0,0,0,16-16V80a16,16,0,0,0-16-16H48A48,48,0,0,0,0,112V464a48,48,0,0,0,48,48H400a48,48,0,0,0,48-48V336A16,16,0,0,0,432,320ZM488,0h-128c-21.37,0-32.05,25.91-17,41l35.73,35.73L135,320.37a24,24,0,0,0,0,34L157.67,377a24,24,0,0,0,34,0L435.28,133.32,471,169c15,15,41,4.5,41-17V24A24,24,0,0,0,488,0Z\"><\/path><\/svg>\t\t\t<\/span>\n\t\t\t\t\t\t\t\t\t<span class=\"elementor-button-text\">Find me on LinkedIn<\/span>\n\t\t\t\t\t<\/span>\n\t\t\t\t\t<\/a>\n\t\t\t\t<\/div>\n\t\t\t\t\t\t\t\t<\/div>\n\t\t\t\t<\/div>\n\t\t\t\t<\/div>\n\t\t<div class=\"elementor-element elementor-element-fe3da5f e-con-full e-flex wpr-particle-no wpr-jarallax-no wpr-parallax-no wpr-sticky-section-no e-con e-child\" data-id=\"fe3da5f\" data-element_type=\"container\" data-e-type=\"container\">\n\t\t\t\t<div class=\"elementor-element elementor-element-ec01448 animated-fast elementor-invisible elementor-widget elementor-widget-heading\" data-id=\"ec01448\" data-element_type=\"widget\" data-e-type=\"widget\" data-settings=\"{&quot;_animation&quot;:&quot;fadeInUp&quot;}\" data-widget_type=\"heading.default\">\n\t\t\t\t<div class=\"elementor-widget-container\">\n\t\t\t\t\t<h1 class=\"elementor-heading-title elementor-size-default\">About me<\/h1>\t\t\t\t<\/div>\n\t\t\t\t<\/div>\n\t\t\t\t<div class=\"elementor-element elementor-element-46ca3b7 animated-fast elementor-widget-divider--view-line elementor-invisible elementor-widget elementor-widget-divider\" data-id=\"46ca3b7\" data-element_type=\"widget\" data-e-type=\"widget\" data-settings=\"{&quot;_animation&quot;:&quot;fadeInUp&quot;}\" data-widget_type=\"divider.default\">\n\t\t\t\t<div class=\"elementor-widget-container\">\n\t\t\t\t\t\t\t<div class=\"elementor-divider\">\n\t\t\t<span class=\"elementor-divider-separator\">\n\t\t\t\t\t\t<\/span>\n\t\t<\/div>\n\t\t\t\t\t\t<\/div>\n\t\t\t\t<\/div>\n\t\t\t\t<div class=\"elementor-element elementor-element-139b344 animated-fast elementor-invisible elementor-widget elementor-widget-text-editor\" data-id=\"139b344\" data-element_type=\"widget\" data-e-type=\"widget\" data-settings=\"{&quot;_animation&quot;:&quot;fadeInUp&quot;}\" data-widget_type=\"text-editor.default\">\n\t\t\t\t<div class=\"elementor-widget-container\">\n\t\t\t\t\t\t\t\t\t<p>I love being outdoors, enjoy good coffee and even better books, am a (not-so) secret geek, and have a wide range of interests.<\/p>\t\t\t\t\t\t\t\t<\/div>\n\t\t\t\t<\/div>\n\t\t\t\t<div class=\"elementor-element elementor-element-c0c4541 animated-fast elementor-invisible elementor-widget elementor-widget-heading\" data-id=\"c0c4541\" data-element_type=\"widget\" data-e-type=\"widget\" data-settings=\"{&quot;_animation&quot;:&quot;fadeInUp&quot;}\" data-widget_type=\"heading.default\">\n\t\t\t\t<div class=\"elementor-widget-container\">\n\t\t\t\t\t<h1 class=\"elementor-heading-title elementor-size-default\">Professional Experience:<\/h1>\t\t\t\t<\/div>\n\t\t\t\t<\/div>\n\t\t\t\t<div class=\"elementor-element elementor-element-1b7f93a animated-fast elementor-invisible elementor-widget elementor-widget-text-editor\" data-id=\"1b7f93a\" data-element_type=\"widget\" data-e-type=\"widget\" data-settings=\"{&quot;_animation&quot;:&quot;fadeInUp&quot;}\" data-widget_type=\"text-editor.default\">\n\t\t\t\t<div class=\"elementor-widget-container\">\n\t\t\t\t\t\t\t\t\t<p><strong>Science Communication Officer (since 2025)<br \/><\/strong>Press work and outreach for the natural sciences at <a href=\"https:\/\/aktuelles.uni-frankfurt.de\/english\/#new_tab\" target=\"_blank\" rel=\"noopener\">Goethe University Frankfurt<\/a><\/p><p><strong>Science Communication Officer (2022-2025)<br \/><\/strong>Press work, events, social media, and outreach for <a href=\"https:\/\/elements.science\/\" target=\"_blank\" rel=\"noopener\">ELEMENTS<\/a><\/p><p><strong>Education Officer (2016-2022)<br \/><\/strong>Conceptualization and moderation of events and workshops, project management, team development, and public relations for a <a href=\"https:\/\/hessen.pfadfinden.de\/\" target=\"_blank\" rel=\"noopener\">youth association<\/a><\/p><p><strong>Freelance Writer (2017-2021)<br \/><\/strong>Digital and print articles for <a href=\"https:\/\/frankfurtdubistsowunderbar.de\/suche?search_query=phyllis\" target=\"_blank\" rel=\"noopener\">\u201cFrankfurt du bist so wunderbar\u201d und \u201cEs ist sch\u00f6n hier\u201d<\/a>\u00a0<\/p><p><strong>Research Associate (2012-2016)<br \/><\/strong>Doctoral research at the <a href=\"https:\/\/www.psy.uni-hamburg.de\/arbeitsbereiche\/biologische-psychologie-und-neuropsychologie.html\" target=\"_blank\" rel=\"noopener\">University of Hamburg<\/a><\/p>\t\t\t\t\t\t\t\t<\/div>\n\t\t\t\t<\/div>\n\t\t\t\t<\/div>\n\t\t<div class=\"elementor-element elementor-element-65de82a e-con-full e-flex wpr-particle-no wpr-jarallax-no wpr-parallax-no wpr-sticky-section-no e-con e-child\" data-id=\"65de82a\" data-element_type=\"container\" data-e-type=\"container\">\n\t\t\t\t<div class=\"elementor-element elementor-element-d016a6e animated-fast elementor-invisible elementor-widget elementor-widget-heading\" data-id=\"d016a6e\" data-element_type=\"widget\" data-e-type=\"widget\" data-settings=\"{&quot;_animation&quot;:&quot;fadeInUp&quot;}\" data-widget_type=\"heading.default\">\n\t\t\t\t<div class=\"elementor-widget-container\">\n\t\t\t\t\t<h1 class=\"elementor-heading-title elementor-size-default\">Education:<\/h1>\t\t\t\t<\/div>\n\t\t\t\t<\/div>\n\t\t\t\t<div class=\"elementor-element elementor-element-88bb24e animated-fast elementor-invisible elementor-widget elementor-widget-text-editor\" data-id=\"88bb24e\" data-element_type=\"widget\" data-e-type=\"widget\" data-settings=\"{&quot;_animation&quot;:&quot;fadeInUp&quot;}\" data-widget_type=\"text-editor.default\">\n\t\t\t\t<div class=\"elementor-widget-container\">\n\t\t\t\t\t\t\t\t\t<ul><li>Science Writing at NaWik (2024)<\/li><li aria-level=\"1\">Visualization at NaWik (2024)<\/li><li aria-level=\"1\">Plain and Simple Language at Lebenshilfe Hessen (2024)<\/li><li aria-level=\"1\">Science Communication in Grant Proposals at NaWik (2023)<\/li><li aria-level=\"1\">Podcasting with Christiane Zwick &amp; Voice Training with Christina Hagedorn (2023)<\/li><li aria-level=\"1\">Communication of Research Results at INGENIUM (2022)<\/li><li aria-level=\"1\">Systemic Work at praxis institut s\u00fcd, Hanau (2021-2022)<\/li><li aria-level=\"1\">Dr. rer. nat. at the University of Hamburg (2012-2017)<\/li><li aria-level=\"1\">MSc Cognitive Neuroscience at Maastricht University, NL (2011-2012)<\/li><li aria-level=\"1\">BSc Psychology at the University of Hamburg (2008-2011)<\/li><\/ul>\t\t\t\t\t\t\t\t<\/div>\n\t\t\t\t<\/div>\n\t\t\t\t<div class=\"elementor-element elementor-element-3cc9856 animated-fast elementor-invisible elementor-widget elementor-widget-heading\" data-id=\"3cc9856\" data-element_type=\"widget\" data-e-type=\"widget\" data-settings=\"{&quot;_animation&quot;:&quot;fadeInUp&quot;}\" data-widget_type=\"heading.default\">\n\t\t\t\t<div class=\"elementor-widget-container\">\n\t\t\t\t\t<h1 class=\"elementor-heading-title elementor-size-default\">Other Activities:<\/h1>\t\t\t\t<\/div>\n\t\t\t\t<\/div>\n\t\t\t\t<div class=\"elementor-element elementor-element-e19d790 animated-fast elementor-invisible elementor-widget elementor-widget-text-editor\" data-id=\"e19d790\" data-element_type=\"widget\" data-e-type=\"widget\" data-settings=\"{&quot;_animation&quot;:&quot;fadeInUp&quot;}\" data-widget_type=\"text-editor.default\">\n\t\t\t\t<div class=\"elementor-widget-container\">\n\t\t\t\t\t\t\t\t\t<ul><li>Member of the <a href=\"https:\/\/wisskomm-kolleg.de\/\">WissKomm-Kolleg<\/a> (2025)<\/li><li>Mentor in the <a href=\"https:\/\/www.nawik.de\/wisskon\/mentoring-programm-im-wisskon-netzwerk\/\" target=\"_blank\" rel=\"noopener\">WissKon Network<\/a> (2024-2025)<\/li><li>Mentor for the\u00a0<a href=\"https:\/\/www.uni-frankfurt.de\/99244696\/Das_Deutschlandstipendium_der_Goethe_Universit%C3%A4t\" target=\"_blank\" rel=\"noopener\">Deutschlandstipendium<\/a> (2022-2023)<\/li><li>Podcast with\u00a0<a href=\"https:\/\/www.instagram.com\/ber._.ling\/\" target=\"_blank\" rel=\"noopener\">Laura Melina Berling<\/a> (2019-2021)<\/li><li>Internships at <a href=\"https:\/\/www.radio-rum.de\/web\/\" target=\"_blank\" rel=\"noopener\">Radio<\/a> and <a href=\"https:\/\/www.instagram.com\/spexmagazin\/?hl=de\" target=\"_blank\" rel=\"noopener\">Music Magazine<\/a><\/li><li>Volunteer at the <a href=\"https:\/\/www.pfadfinden.de\/\" target=\"_blank\" rel=\"noopener\">Bund der Pfadfinderinnen und Pfadfinder<\/a> (since 2003)<\/li><\/ul>\t\t\t\t\t\t\t\t<\/div>\n\t\t\t\t<\/div>\n\t\t\t\t<\/div>\n\t\t\t\t\t<\/div>\n\t\t\t\t<\/div>\n\t\t\t\t<\/div>","protected":false},"excerpt":{"rendered":"<p>\u00a9 Lisa Schmelz Mein Lebenslauf auf Linkedin \u00dcber mich Ich bin am liebsten drau\u00dfen unterwegs, erfreue mich an gutem Kaffee und noch besseren B\u00fcchern, bin (nicht ganz so) heimlicher Nerd und vielseitig zu begeistern. Hier habe ich gearbeitet: Referentin f\u00fcr Wissenschaftskommunikation (seit 2025)Pressearbeit und Wissenschaftsvermittlung f\u00fcr die Naturwissenschaften an der Goethe-Universit\u00e4t Frankfurt Referentin f\u00fcr Wissenschaftskommunikation (2022-2025)Pressearbeit, Veranstaltungen, Social Media und Wissenschaftsvermittlung f\u00fcr ELEMENTS Bildungsreferentin (2016-2022)Konzeption und Moderation von Veranstaltungen und Workshops, Projektleitung, Teamentwicklung und \u00d6ffentlichkeitsarbeit f\u00fcr einen Jugendverband Freie Autorin (2017-2021)Digitale und Print-Artikel f\u00fcr \u201cFrankfurt du bist so wunderbar\u201d und \u201cEs ist sch\u00f6n hier\u201d\u00a0 Wissenschaftliche Mitarbeiterin (2012-2016)Promotion an der Universit\u00e4t Hamburg Das habe ich gelernt: Verst\u00e4ndlich Schreiben beim NaWik (2024) Visualisieren beim NaWik (2024) Leichte und Einfache Sprache bei Lebenshilfe Hessen (2024) Wissenschaftskommunikation in F\u00f6rderantr\u00e4gen beim NaWik (2023) Podcasten bei Christiane Zwick &amp; Stimmtraining bei Christina Hagedorn (2023) Kommunikation von Forschungsergebnissen bei INGENIUM (2022) Systemisches Arbeiten im praxis institut s\u00fcd, Hanau (2021-2022) Dr. rer. nat. an der Universit\u00e4t Hamburg (2012-2017) MSc Cognitive Neuroscience an der Maastricht University, NL (2011-2012) BSc Psychologie an der Universit\u00e4t Hamburg (2008-2011) Das habe ich sonst noch gemacht: Mitglied im WissKomm-Kolleg (2025) Mentorin im WissKon-Netzwerk (2024-2025) Mentorin beim\u00a0Deutschlandstipendium (2022-2023) Podcast mit\u00a0Laura Melina Berling (2019-2021) Praktika bei Radio und Musikmagazin Ehrenamt im Bund der Pfadfinderinnen und Pfadfinder (seit 2003)<\/p>","protected":false},"author":2,"featured_media":0,"parent":0,"menu_order":0,"comment_status":"closed","ping_status":"closed","template":"elementor_header_footer","meta":{"footnotes":"","_links_to":"","_links_to_target":""},"folder":[],"class_list":["post-755","page","type-page","status-publish","hentry"],"yoast_head":"<!-- This site is optimized with the Yoast SEO plugin v27.3 - https:\/\/yoast.com\/product\/yoast-seo-wordpress\/ -->\n<title>\u00dcber mich &#8226; Phyllis Mania<\/title>\n<meta name=\"robots\" content=\"index, follow, max-snippet:-1, max-image-preview:large, max-video-preview:-1\" \/>\n<link rel=\"canonical\" href=\"https:\/\/phyllismania.de\/en\/ueber-mich\/\" \/>\n<meta property=\"og:locale\" content=\"en_GB\" \/>\n<meta property=\"og:type\" content=\"article\" \/>\n<meta property=\"og:title\" content=\"\u00dcber mich &#8226; Phyllis Mania\" \/>\n<meta property=\"og:description\" content=\"\u00a9 Lisa Schmelz Mein Lebenslauf auf Linkedin \u00dcber mich Ich bin am liebsten drau\u00dfen unterwegs, erfreue mich an gutem Kaffee und noch besseren B\u00fcchern, bin (nicht ganz so) heimlicher Nerd und vielseitig zu begeistern. Hier habe ich gearbeitet: Referentin f\u00fcr Wissenschaftskommunikation (seit 2025)Pressearbeit und Wissenschaftsvermittlung f\u00fcr die Naturwissenschaften an der Goethe-Universit\u00e4t Frankfurt Referentin f\u00fcr Wissenschaftskommunikation (2022-2025)Pressearbeit, Veranstaltungen, Social Media und Wissenschaftsvermittlung f\u00fcr ELEMENTS Bildungsreferentin (2016-2022)Konzeption und Moderation von Veranstaltungen und Workshops, Projektleitung, Teamentwicklung und \u00d6ffentlichkeitsarbeit f\u00fcr einen Jugendverband Freie Autorin (2017-2021)Digitale und Print-Artikel f\u00fcr \u201cFrankfurt du bist so wunderbar\u201d und \u201cEs ist sch\u00f6n hier\u201d\u00a0 Wissenschaftliche Mitarbeiterin (2012-2016)Promotion an der Universit\u00e4t Hamburg Das habe ich gelernt: Verst\u00e4ndlich Schreiben beim NaWik (2024) Visualisieren beim NaWik (2024) Leichte und Einfache Sprache bei Lebenshilfe Hessen (2024) Wissenschaftskommunikation in F\u00f6rderantr\u00e4gen beim NaWik (2023) Podcasten bei Christiane Zwick &amp; Stimmtraining bei Christina Hagedorn (2023) Kommunikation von Forschungsergebnissen bei INGENIUM (2022) Systemisches Arbeiten im praxis institut s\u00fcd, Hanau (2021-2022) Dr. rer. nat. an der Universit\u00e4t Hamburg (2012-2017) MSc Cognitive Neuroscience an der Maastricht University, NL (2011-2012) BSc Psychologie an der Universit\u00e4t Hamburg (2008-2011) Das habe ich sonst noch gemacht: Mitglied im WissKomm-Kolleg (2025) Mentorin im WissKon-Netzwerk (2024-2025) Mentorin beim\u00a0Deutschlandstipendium (2022-2023) Podcast mit\u00a0Laura Melina Berling (2019-2021) Praktika bei Radio und Musikmagazin Ehrenamt im Bund der Pfadfinderinnen und Pfadfinder (seit 2003)\" \/>\n<meta property=\"og:url\" content=\"https:\/\/phyllismania.de\/en\/ueber-mich\/\" \/>\n<meta property=\"og:site_name\" content=\"Phyllis Mania\" \/>\n<meta property=\"article:modified_time\" content=\"2025-11-11T10:53:21+00:00\" \/>\n<meta property=\"og:image\" content=\"https:\/\/phyllismania.de\/wp-content\/uploads\/2024\/04\/Phyllis2024a.jpg\" \/>\n\t<meta property=\"og:image:width\" content=\"1222\" \/>\n\t<meta property=\"og:image:height\" content=\"1838\" \/>\n\t<meta property=\"og:image:type\" content=\"image\/jpeg\" \/>\n<meta name=\"twitter:card\" content=\"summary_large_image\" \/>\n<meta name=\"twitter:label1\" content=\"Estimated reading time\" \/>\n\t<meta name=\"twitter:data1\" content=\"2 minutes\" \/>\n<script type=\"application\/ld+json\" class=\"yoast-schema-graph\">{\"@context\":\"https:\\\/\\\/schema.org\",\"@graph\":[{\"@type\":\"WebPage\",\"@id\":\"https:\\\/\\\/phyllismania.de\\\/ueber-mich\",\"url\":\"https:\\\/\\\/phyllismania.de\\\/ueber-mich\",\"name\":\"\u00dcber mich &#8226; Phyllis Mania\",\"isPartOf\":{\"@id\":\"https:\\\/\\\/phyllismania.de\\\/#website\"},\"primaryImageOfPage\":{\"@id\":\"https:\\\/\\\/phyllismania.de\\\/ueber-mich#primaryimage\"},\"image\":{\"@id\":\"https:\\\/\\\/phyllismania.de\\\/ueber-mich#primaryimage\"},\"thumbnailUrl\":\"https:\\\/\\\/phyllismania.de\\\/wp-content\\\/uploads\\\/2024\\\/04\\\/Phyllis2024a.jpg\",\"datePublished\":\"2024-04-02T17:10:15+00:00\",\"dateModified\":\"2025-11-11T10:53:21+00:00\",\"breadcrumb\":{\"@id\":\"https:\\\/\\\/phyllismania.de\\\/ueber-mich#breadcrumb\"},\"inLanguage\":\"en-GB\",\"potentialAction\":[{\"@type\":\"ReadAction\",\"target\":[\"https:\\\/\\\/phyllismania.de\\\/ueber-mich\"]}]},{\"@type\":\"ImageObject\",\"inLanguage\":\"en-GB\",\"@id\":\"https:\\\/\\\/phyllismania.de\\\/ueber-mich#primaryimage\",\"url\":\"https:\\\/\\\/phyllismania.de\\\/wp-content\\\/uploads\\\/2024\\\/04\\\/Phyllis2024a.jpg\",\"contentUrl\":\"https:\\\/\\\/phyllismania.de\\\/wp-content\\\/uploads\\\/2024\\\/04\\\/Phyllis2024a.jpg\"},{\"@type\":\"BreadcrumbList\",\"@id\":\"https:\\\/\\\/phyllismania.de\\\/ueber-mich#breadcrumb\",\"itemListElement\":[{\"@type\":\"ListItem\",\"position\":1,\"name\":\"Startseite\",\"item\":\"https:\\\/\\\/phyllismania.de\\\/\"},{\"@type\":\"ListItem\",\"position\":2,\"name\":\"\u00dcber mich\"}]},{\"@type\":\"WebSite\",\"@id\":\"https:\\\/\\\/phyllismania.de\\\/#website\",\"url\":\"https:\\\/\\\/phyllismania.de\\\/\",\"name\":\"Phyllis Mania\",\"description\":\"Hallo, ich bin Phyllis. Ich kommuniziere Wissenschaft.\",\"publisher\":{\"@id\":\"https:\\\/\\\/phyllismania.de\\\/#\\\/schema\\\/person\\\/6921035b884173d52de7be2b6347f9e6\"},\"potentialAction\":[{\"@type\":\"SearchAction\",\"target\":{\"@type\":\"EntryPoint\",\"urlTemplate\":\"https:\\\/\\\/phyllismania.de\\\/?s={search_term_string}\"},\"query-input\":{\"@type\":\"PropertyValueSpecification\",\"valueRequired\":true,\"valueName\":\"search_term_string\"}}],\"inLanguage\":\"en-GB\"},{\"@type\":[\"Person\",\"Organization\"],\"@id\":\"https:\\\/\\\/phyllismania.de\\\/#\\\/schema\\\/person\\\/6921035b884173d52de7be2b6347f9e6\",\"name\":\"phyllis\",\"image\":{\"@type\":\"ImageObject\",\"inLanguage\":\"en-GB\",\"@id\":\"https:\\\/\\\/phyllismania.de\\\/wp-content\\\/uploads\\\/2024\\\/03\\\/phyllis-logo.svg\",\"url\":\"https:\\\/\\\/phyllismania.de\\\/wp-content\\\/uploads\\\/2024\\\/03\\\/phyllis-logo.svg\",\"contentUrl\":\"https:\\\/\\\/phyllismania.de\\\/wp-content\\\/uploads\\\/2024\\\/03\\\/phyllis-logo.svg\",\"width\":922,\"height\":442,\"caption\":\"phyllis\"},\"logo\":{\"@id\":\"https:\\\/\\\/phyllismania.de\\\/wp-content\\\/uploads\\\/2024\\\/03\\\/phyllis-logo.svg\"},\"sameAs\":[\"http:\\\/\\\/phyllismania.de\"]}]}<\/script>\n<!-- \/ Yoast SEO plugin. -->","yoast_head_json":{"title":"\u00dcber mich &#8226; Phyllis Mania","robots":{"index":"index","follow":"follow","max-snippet":"max-snippet:-1","max-image-preview":"max-image-preview:large","max-video-preview":"max-video-preview:-1"},"canonical":"https:\/\/phyllismania.de\/en\/ueber-mich\/","og_locale":"en_GB","og_type":"article","og_title":"\u00dcber mich &#8226; Phyllis Mania","og_description":"\u00a9 Lisa Schmelz Mein Lebenslauf auf Linkedin \u00dcber mich Ich bin am liebsten drau\u00dfen unterwegs, erfreue mich an gutem Kaffee und noch besseren B\u00fcchern, bin (nicht ganz so) heimlicher Nerd und vielseitig zu begeistern. Hier habe ich gearbeitet: Referentin f\u00fcr Wissenschaftskommunikation (seit 2025)Pressearbeit und Wissenschaftsvermittlung f\u00fcr die Naturwissenschaften an der Goethe-Universit\u00e4t Frankfurt Referentin f\u00fcr Wissenschaftskommunikation (2022-2025)Pressearbeit, Veranstaltungen, Social Media und Wissenschaftsvermittlung f\u00fcr ELEMENTS Bildungsreferentin (2016-2022)Konzeption und Moderation von Veranstaltungen und Workshops, Projektleitung, Teamentwicklung und \u00d6ffentlichkeitsarbeit f\u00fcr einen Jugendverband Freie Autorin (2017-2021)Digitale und Print-Artikel f\u00fcr \u201cFrankfurt du bist so wunderbar\u201d und \u201cEs ist sch\u00f6n hier\u201d\u00a0 Wissenschaftliche Mitarbeiterin (2012-2016)Promotion an der Universit\u00e4t Hamburg Das habe ich gelernt: Verst\u00e4ndlich Schreiben beim NaWik (2024) Visualisieren beim NaWik (2024) Leichte und Einfache Sprache bei Lebenshilfe Hessen (2024) Wissenschaftskommunikation in F\u00f6rderantr\u00e4gen beim NaWik (2023) Podcasten bei Christiane Zwick &amp; Stimmtraining bei Christina Hagedorn (2023) Kommunikation von Forschungsergebnissen bei INGENIUM (2022) Systemisches Arbeiten im praxis institut s\u00fcd, Hanau (2021-2022) Dr. rer. nat. an der Universit\u00e4t Hamburg (2012-2017) MSc Cognitive Neuroscience an der Maastricht University, NL (2011-2012) BSc Psychologie an der Universit\u00e4t Hamburg (2008-2011) Das habe ich sonst noch gemacht: Mitglied im WissKomm-Kolleg (2025) Mentorin im WissKon-Netzwerk (2024-2025) Mentorin beim\u00a0Deutschlandstipendium (2022-2023) Podcast mit\u00a0Laura Melina Berling (2019-2021) Praktika bei Radio und Musikmagazin Ehrenamt im Bund der Pfadfinderinnen und Pfadfinder (seit 2003)","og_url":"https:\/\/phyllismania.de\/en\/ueber-mich\/","og_site_name":"Phyllis Mania","article_modified_time":"2025-11-11T10:53:21+00:00","og_image":[{"width":1222,"height":1838,"url":"https:\/\/phyllismania.de\/wp-content\/uploads\/2024\/04\/Phyllis2024a.jpg","type":"image\/jpeg"}],"twitter_card":"summary_large_image","twitter_misc":{"Estimated reading time":"2 minutes"},"schema":{"@context":"https:\/\/schema.org","@graph":[{"@type":"WebPage","@id":"https:\/\/phyllismania.de\/ueber-mich","url":"https:\/\/phyllismania.de\/ueber-mich","name":"\u00dcber mich &#8226; Phyllis Mania","isPartOf":{"@id":"https:\/\/phyllismania.de\/#website"},"primaryImageOfPage":{"@id":"https:\/\/phyllismania.de\/ueber-mich#primaryimage"},"image":{"@id":"https:\/\/phyllismania.de\/ueber-mich#primaryimage"},"thumbnailUrl":"https:\/\/phyllismania.de\/wp-content\/uploads\/2024\/04\/Phyllis2024a.jpg","datePublished":"2024-04-02T17:10:15+00:00","dateModified":"2025-11-11T10:53:21+00:00","breadcrumb":{"@id":"https:\/\/phyllismania.de\/ueber-mich#breadcrumb"},"inLanguage":"en-GB","potentialAction":[{"@type":"ReadAction","target":["https:\/\/phyllismania.de\/ueber-mich"]}]},{"@type":"ImageObject","inLanguage":"en-GB","@id":"https:\/\/phyllismania.de\/ueber-mich#primaryimage","url":"https:\/\/phyllismania.de\/wp-content\/uploads\/2024\/04\/Phyllis2024a.jpg","contentUrl":"https:\/\/phyllismania.de\/wp-content\/uploads\/2024\/04\/Phyllis2024a.jpg"},{"@type":"BreadcrumbList","@id":"https:\/\/phyllismania.de\/ueber-mich#breadcrumb","itemListElement":[{"@type":"ListItem","position":1,"name":"Startseite","item":"https:\/\/phyllismania.de\/"},{"@type":"ListItem","position":2,"name":"\u00dcber mich"}]},{"@type":"WebSite","@id":"https:\/\/phyllismania.de\/#website","url":"https:\/\/phyllismania.de\/","name":"Phyllis Mania","description":"Hallo, ich bin Phyllis. Ich kommuniziere Wissenschaft.","publisher":{"@id":"https:\/\/phyllismania.de\/#\/schema\/person\/6921035b884173d52de7be2b6347f9e6"},"potentialAction":[{"@type":"SearchAction","target":{"@type":"EntryPoint","urlTemplate":"https:\/\/phyllismania.de\/?s={search_term_string}"},"query-input":{"@type":"PropertyValueSpecification","valueRequired":true,"valueName":"search_term_string"}}],"inLanguage":"en-GB"},{"@type":["Person","Organization"],"@id":"https:\/\/phyllismania.de\/#\/schema\/person\/6921035b884173d52de7be2b6347f9e6","name":"phyllis","image":{"@type":"ImageObject","inLanguage":"en-GB","@id":"https:\/\/phyllismania.de\/wp-content\/uploads\/2024\/03\/phyllis-logo.svg","url":"https:\/\/phyllismania.de\/wp-content\/uploads\/2024\/03\/phyllis-logo.svg","contentUrl":"https:\/\/phyllismania.de\/wp-content\/uploads\/2024\/03\/phyllis-logo.svg","width":922,"height":442,"caption":"phyllis"},"logo":{"@id":"https:\/\/phyllismania.de\/wp-content\/uploads\/2024\/03\/phyllis-logo.svg"},"sameAs":["http:\/\/phyllismania.de"]}]}},"_links":{"self":[{"href":"https:\/\/phyllismania.de\/en\/wp-json\/wp\/v2\/pages\/755","targetHints":{"allow":["GET"]}}],"collection":[{"href":"https:\/\/phyllismania.de\/en\/wp-json\/wp\/v2\/pages"}],"about":[{"href":"https:\/\/phyllismania.de\/en\/wp-json\/wp\/v2\/types\/page"}],"author":[{"embeddable":true,"href":"https:\/\/phyllismania.de\/en\/wp-json\/wp\/v2\/users\/2"}],"replies":[{"embeddable":true,"href":"https:\/\/phyllismania.de\/en\/wp-json\/wp\/v2\/comments?post=755"}],"version-history":[{"count":127,"href":"https:\/\/phyllismania.de\/en\/wp-json\/wp\/v2\/pages\/755\/revisions"}],"predecessor-version":[{"id":1928,"href":"https:\/\/phyllismania.de\/en\/wp-json\/wp\/v2\/pages\/755\/revisions\/1928"}],"wp:attachment":[{"href":"https:\/\/phyllismania.de\/en\/wp-json\/wp\/v2\/media?parent=755"}],"wp:term":[{"taxonomy":"folder","embeddable":true,"href":"https:\/\/phyllismania.de\/en\/wp-json\/wp\/v2\/folder?post=755"}],"curies":[{"name":"wp","href":"https:\/\/api.w.org\/{rel}","templated":true}]}}